{"id":204,"date":"2026-03-09T10:46:09","date_gmt":"2026-03-09T08:46:09","guid":{"rendered":"https:\/\/poppamaija.fi\/?page_id=204"},"modified":"2026-04-13T21:41:55","modified_gmt":"2026-04-13T18:41:55","slug":"ajankohtaista","status":"publish","type":"page","link":"https:\/\/poppamaija.fi\/index.php\/ajankohtaista\/","title":{"rendered":"Ajankohtaista"},"content":{"rendered":"\n<div class=\"wp-block-group r-spacing wow animate__animated animate__fadeInUp has-global-padding is-layout-constrained wp-container-core-group-is-layout-9e277222 wp-block-group-is-layout-constrained\" style=\"margin-top:0;margin-bottom:100px;padding-right:20px;padding-left:20px\">\n<div class=\"wp-block-group title-spacing has-global-padding is-content-justification-left is-layout-constrained wp-container-core-group-is-layout-fb5f6e31 wp-block-group-is-layout-constrained\" style=\"margin-bottom:60px\">\n<p class=\"has-text-align-left header-sub dark has-base-2-color has-text-color has-link-color wp-elements-44b393f9fdc6b2e5cea21414d10552b5\" style=\"margin-top:0;margin-right:0;margin-bottom:12px;margin-left:0;font-size:14px;font-style:normal;font-weight:400;letter-spacing:2px\">Ajankohtaista<\/p>\n\n\n\n<h2 class=\"wp-block-heading has-text-align-left has-large-font-size\" style=\"margin-top:0;margin-bottom:0;line-height:1.2;text-transform:none\">Kuuntele kalevalaisesta j\u00e4senkorjauksesta <\/h2>\n\n\n\n<div class=\"wp-block-media-text is-stacked-on-mobile\"><figure class=\"wp-block-media-text__media\"><img loading=\"lazy\" decoding=\"async\" width=\"1024\" height=\"683\" src=\"https:\/\/poppamaija.fi\/wp-content\/uploads\/2026\/01\/therapy-2802790_1920-1-1024x683.jpg\" alt=\"\" class=\"wp-image-14 size-full\" srcset=\"https:\/\/poppamaija.fi\/wp-content\/uploads\/2026\/01\/therapy-2802790_1920-1-1024x683.jpg 1024w, https:\/\/poppamaija.fi\/wp-content\/uploads\/2026\/01\/therapy-2802790_1920-1-300x200.jpg 300w, https:\/\/poppamaija.fi\/wp-content\/uploads\/2026\/01\/therapy-2802790_1920-1-768x512.jpg 768w, https:\/\/poppamaija.fi\/wp-content\/uploads\/2026\/01\/therapy-2802790_1920-1-1536x1024.jpg 1536w, https:\/\/poppamaija.fi\/wp-content\/uploads\/2026\/01\/therapy-2802790_1920-1.jpg 1920w\" sizes=\"auto, (max-width: 1024px) 100vw, 1024px\" \/><\/figure><div class=\"wp-block-media-text__content\">\n<p>J\u00e4rviradion juttuarkistosta. <\/p>\n\n\n\n<p class=\"has-secondary-color has-text-color has-link-color wp-elements-dcc7b463c4efbd0d5227acbc93cf6940\"><a href=\"http:\/\/www.jarviradio.fi\/kehonlukutaidosta-apua-ihmiselle\/\">Kehonlukutaidosta apua ihmiselle<\/a><\/p>\n\n\n\n<p>8.4.2026<\/p>\n<\/div><\/div>\n\n\n\n<p><\/p>\n<\/div>\n\n\n\n<h2 class=\"wp-block-heading has-text-align-left has-large-font-size\" style=\"margin-top:0;margin-bottom:0;line-height:1.2;text-transform:capitalize\">Tutkimus<\/h2>\n\n\n\n<div class=\"wp-block-group is-content-justification-center is-layout-flex wp-container-core-group-is-layout-b02886af wp-block-group-is-layout-flex\">\n<figure class=\"wp-block-image size-full\" style=\"margin-top:0;margin-right:var(--wp--preset--spacing--20);margin-bottom:0;margin-left:var(--wp--preset--spacing--20)\"><img loading=\"lazy\" decoding=\"async\" width=\"432\" height=\"648\" src=\"https:\/\/poppamaija.fi\/wp-content\/uploads\/2026\/03\/tutkimus.jpg\" alt=\"etsit\u00e4\u00e4n osallistujia tutkimukseen\" class=\"wp-image-205\" style=\"object-fit:cover\" srcset=\"https:\/\/poppamaija.fi\/wp-content\/uploads\/2026\/03\/tutkimus.jpg 432w, https:\/\/poppamaija.fi\/wp-content\/uploads\/2026\/03\/tutkimus-200x300.jpg 200w\" sizes=\"auto, (max-width: 432px) 100vw, 432px\" \/><\/figure>\n\n\n\n<figure class=\"wp-block-pullquote has-medium-font-size\" style=\"border-width:5px;padding-top:var(--wp--preset--spacing--10);padding-right:var(--wp--preset--spacing--10);padding-bottom:var(--wp--preset--spacing--10);padding-left:var(--wp--preset--spacing--10)\"><blockquote><p><strong>Etsit\u00e4\u00e4n osallistujia tutkimukseen<\/strong><\/p><\/blockquote><\/figure>\n\n\n\n<div class=\"wp-block-group is-vertical is-layout-flex wp-container-core-group-is-layout-fe9cc265 wp-block-group-is-layout-flex\">\n<p>Ilmoittaudu s\u00e4hk\u00f6postilla tutkimus2026@gmail.com tai soittamalla 045 263 0064.<\/p>\n\n\n\n<p style=\"margin-bottom:24px\">Olisitko kiinnostunut osallistumaan tutkimukseen? Tutkimushoidot ovat maksuttomia. Eduskunnan joululahjarahoituksella on k\u00e4ynnistynyt tutkimus, jossa selvitet\u00e4\u00e4n fysioterapian ja kalevalaisen j\u00e4senkorjauksen vaikutuksia krooniseen alaselk\u00e4kipuun. Tutkimus toteutetaan <strong>It\u00e4-Suomen yliopistossa Kuopiossa.<\/strong><\/p>\n<\/div>\n<\/div>\n\n\n\n<div class=\"wp-block-group is-content-justification-space-between is-nowrap is-layout-flex wp-container-core-group-is-layout-4e2e7437 wp-block-group-is-layout-flex\">\n<div class=\"wp-block-group is-vertical is-layout-flex wp-container-core-group-is-layout-fe9cc265 wp-block-group-is-layout-flex\">\n<p style=\"margin-bottom:24px\"><strong>Hieman taustaa<\/strong><br>Kalevalainen j\u00e4senkorjaus on ainutlaatuinen osa suomalaista perinnetietoa, ja sen asema terveydenhuollon kent\u00e4ll\u00e4 on her\u00e4tt\u00e4nyt viime vuosina runsaasti keskustelua. Taustalla vaikuttaa erityisesti Faron sopimus, eli Euroopan neuvoston kulttuuriperint\u00f6\u00e4 koskeva puiteyleissopimus, joka korostaa aineettoman kulttuuriperinn\u00f6n merkityst\u00e4 ja sen huomioimista yhteiskunnassa. Faron sopimuksen tavoitteena on, ett\u00e4 perinteinen tietotaito ja moderni l\u00e4\u00e4ketiede kulkisivat rinnakkain. Kalevalainen j\u00e4senkorjaus voisi olla osa laajempaa, ennaltaehk\u00e4isev\u00e4\u00e4 ja moniammatillista polkua tuki- ja liikuntaelinvaivojen hoidossa. Kalevalainen j\u00e4senkorjaus n\u00e4hd\u00e4\u00e4n &#8221;ekologisena&#8221; hoitona, joka v\u00e4hent\u00e4\u00e4 l\u00e4\u00e4kkeiden k\u00e4ytt\u00f6\u00e4 ja tukee kehon omaa toimintakyky\u00e4. <\/p>\n\n\n\n<p style=\"margin-bottom:24px\"> Kalevalaisen j\u00e4senkorjauksen vaikutuksia on tutkittu Suomessa l\u00e4\u00e4ketieteellisesti It\u00e4-Suomen yliopistossa ja Jyv\u00e4skyl\u00e4n yliopistossa. Tutkimusten mukaan hoito voi lievitt\u00e4\u00e4 kroonista niska- ja alaselk\u00e4kipua, ja sen on todettu olevan tehokas vaihtoehto pitk\u00e4aikaisista kivuista k\u00e4rsiville. Hoidon my\u00f6nteiset vaikutukset n\u00e4kyv\u00e4t my\u00f6s sairauspoissaolojen ja l\u00e4\u00e4kekulujen v\u00e4henemisen\u00e4. Tutkimuksissa korostuu lis\u00e4ksi asiakkaan kohtaamisen merkitys. J\u00e4senkorjaajien kyky viesti\u00e4 selke\u00e4sti ja kohdata asiakas kokonaisvaltaisesti arvioitiin poikkeuksellisen korkeaksi, mik\u00e4 on erityisen t\u00e4rke\u00e4\u00e4 kroonisten kipupotilaiden hoidossa.<\/p>\n\n\n\n<p style=\"margin-bottom:24px\">Sosiaali- ja terveysministeri\u00f6 on hiljattain (15.2.2023) antanut linjauksen, joka mahdollistaa kalevalaisen j\u00e4senkorjauksen hy\u00f6dynt\u00e4misen Hyvinvointialueilla osana tuki- ja liikuntaelinvaivojen hoitoa. T\u00e4m\u00e4 on merkitt\u00e4v\u00e4 askel Faron sopimuksen hengess\u00e4, sill\u00e4 se siirt\u00e4\u00e4 hoidon l\u00e4hemm\u00e4s virallista hoitopolkua.<\/p>\n<\/div>\n<\/div>\n<\/div>\n","protected":false},"excerpt":{"rendered":"<p>Ajankohtaista Kuuntele kalevalaisesta j\u00e4senkorjauksesta J\u00e4rviradion juttuarkistosta. Kehonlukutaidosta apua ihmiselle 8.4.2026 Tutkimus Etsit\u00e4\u00e4n osallistujia tutkimukseen Ilmoittaudu s\u00e4hk\u00f6postilla tutkimus2026@gmail.com tai soittamalla 045 263 0064. Olisitko kiinnostunut osallistumaan tutkimukseen? Tutkimushoidot ovat maksuttomia. Eduskunnan joululahjarahoituksella on k\u00e4ynnistynyt tutkimus, jossa selvitet\u00e4\u00e4n fysioterapian ja kalevalaisen j\u00e4senkorjauksen vaikutuksia krooniseen alaselk\u00e4kipuun. Tutkimus toteutetaan It\u00e4-Suomen yliopistossa Kuopiossa. Hieman taustaaKalevalainen j\u00e4senkorjaus on ainutlaatuinen osa suomalaista [&hellip;]<\/p>\n","protected":false},"author":1,"featured_media":0,"parent":0,"menu_order":0,"comment_status":"closed","ping_status":"closed","template":"","meta":{"footnotes":""},"class_list":["post-204","page","type-page","status-publish","hentry"],"_links":{"self":[{"href":"https:\/\/poppamaija.fi\/index.php\/wp-json\/wp\/v2\/pages\/204","targetHints":{"allow":["GET"]}}],"collection":[{"href":"https:\/\/poppamaija.fi\/index.php\/wp-json\/wp\/v2\/pages"}],"about":[{"href":"https:\/\/poppamaija.fi\/index.php\/wp-json\/wp\/v2\/types\/page"}],"author":[{"embeddable":true,"href":"https:\/\/poppamaija.fi\/index.php\/wp-json\/wp\/v2\/users\/1"}],"replies":[{"embeddable":true,"href":"https:\/\/poppamaija.fi\/index.php\/wp-json\/wp\/v2\/comments?post=204"}],"version-history":[{"count":6,"href":"https:\/\/poppamaija.fi\/index.php\/wp-json\/wp\/v2\/pages\/204\/revisions"}],"predecessor-version":[{"id":214,"href":"https:\/\/poppamaija.fi\/index.php\/wp-json\/wp\/v2\/pages\/204\/revisions\/214"}],"wp:attachment":[{"href":"https:\/\/poppamaija.fi\/index.php\/wp-json\/wp\/v2\/media?parent=204"}],"curies":[{"name":"wp","href":"https:\/\/api.w.org\/{rel}","templated":true}]}}